{"id":2622,"date":"2025-07-12T12:52:53","date_gmt":"2025-07-12T12:52:53","guid":{"rendered":"https:\/\/wescocenter.org\/?page_id=2622"},"modified":"2025-07-12T14:11:30","modified_gmt":"2025-07-12T14:11:30","slug":"qualite-hygiene-securite-environnement","status":"publish","type":"page","link":"https:\/\/wescocenter.org\/fr\/qualite-hygiene-securite-environnement\/","title":{"rendered":"Qualit\u00e9 Hygi\u00e8ne S\u00e9curit\u00e9 Environnement"},"content":{"rendered":"<div data-elementor-type=\"wp-page\" data-elementor-id=\"2622\" class=\"elementor elementor-2622\" data-elementor-post-type=\"page\">\n\t\t\t\t\t\t<section data-particle_enable=\"false\" data-particle-mobile-disabled=\"false\" class=\"elementor-section elementor-top-section elementor-element elementor-element-3f69dcc elementor-section-stretched elementor-section-full_width elementor-section-height-min-height elementor-section-content-middle elementor-section-height-default elementor-section-items-middle\" data-id=\"3f69dcc\" data-element_type=\"section\" data-e-type=\"section\" data-settings=\"{&quot;stretch_section&quot;:&quot;section-stretched&quot;,&quot;background_background&quot;:&quot;classic&quot;,&quot;ekit_has_onepagescroll_dot&quot;:&quot;yes&quot;}\">\n\t\t\t\t\t\t<div class=\"elementor-container elementor-column-gap-default\">\n\t\t\t\t\t<div class=\"elementor-column elementor-col-100 elementor-top-column elementor-element elementor-element-c6815f9\" data-id=\"c6815f9\" data-element_type=\"column\" data-e-type=\"column\">\n\t\t\t<div class=\"elementor-widget-wrap elementor-element-populated\">\n\t\t\t\t\t\t<div class=\"elementor-element elementor-element-57a7b55 elementor-widget elementor-widget-spacer\" data-id=\"57a7b55\" data-element_type=\"widget\" data-e-type=\"widget\" data-settings=\"{&quot;ekit_we_effect_on&quot;:&quot;none&quot;}\" data-widget_type=\"spacer.default\">\n\t\t\t\t<div class=\"elementor-widget-container\">\n\t\t\t\t\t\t\t<div class=\"elementor-spacer\">\n\t\t\t<div class=\"elementor-spacer-inner\"><\/div>\n\t\t<\/div>\n\t\t\t\t\t\t<\/div>\n\t\t\t\t<\/div>\n\t\t\t\t<div class=\"elementor-element elementor-element-7a4f4bd elementor-widget elementor-widget-heading\" data-id=\"7a4f4bd\" data-element_type=\"widget\" data-e-type=\"widget\" data-settings=\"{&quot;ekit_we_effect_on&quot;:&quot;none&quot;}\" data-widget_type=\"heading.default\">\n\t\t\t\t<div class=\"elementor-widget-container\">\n\t\t\t\t\t<h1 class=\"elementor-heading-title elementor-size-default\">Qualit\u00e9 Hygi\u00e8ne S\u00e9curit\u00e9 Environnement <\/h1>\t\t\t\t<\/div>\n\t\t\t\t<\/div>\n\t\t\t\t<div class=\"elementor-element elementor-element-19f13a6 elementor-widget elementor-widget-text-editor\" data-id=\"19f13a6\" data-element_type=\"widget\" data-e-type=\"widget\" data-settings=\"{&quot;ekit_we_effect_on&quot;:&quot;none&quot;}\" data-widget_type=\"text-editor.default\">\n\t\t\t\t<div class=\"elementor-widget-container\">\n\t\t\t\t\t\t\t\t\t<h4><span style=\"color: #ccffff;\">Unlock Your Gateway to a Thriving Career: Professional Diploma in Qualit\u00e9 Hygi\u00e8ne S\u00e9curit\u00e9 Environnement (QHSE)<\/span><\/h4>\t\t\t\t\t\t\t\t<\/div>\n\t\t\t\t<\/div>\n\t\t\t\t<div class=\"elementor-element elementor-element-cab9c55 premium-lq__none elementor-widget elementor-widget-premium-addon-button\" data-id=\"cab9c55\" data-element_type=\"widget\" data-e-type=\"widget\" data-settings=\"{&quot;ekit_we_effect_on&quot;:&quot;none&quot;}\" data-widget_type=\"premium-addon-button.default\">\n\t\t\t\t<div class=\"elementor-widget-container\">\n\t\t\t\t\t\n\n\t\t<a class=\"premium-button premium-button-none premium-btn-lg premium-button-none\" href=\"https:\/\/e-students.wescocenter.org\/inscription-en-ligne\/\">\n\t\t\t<div class=\"premium-button-text-icon-wrapper\">\n\t\t\t\t\n\t\t\t\t\t\t\t\t\t<span >\n\t\t\t\t\t\tRegister Online\t\t\t\t\t<\/span>\n\t\t\t\t\t\t\t<\/div>\n\n\t\t\t\n\t\t\t\n\t\t\t\n\t\t<\/a>\n\n\n\t\t\t\t\t\t<\/div>\n\t\t\t\t<\/div>\n\t\t\t\t<div class=\"elementor-element elementor-element-d5a0920 elementor-widget elementor-widget-image\" data-id=\"d5a0920\" data-element_type=\"widget\" data-e-type=\"widget\" data-settings=\"{&quot;ekit_we_effect_on&quot;:&quot;none&quot;}\" data-widget_type=\"image.default\">\n\t\t\t\t<div class=\"elementor-widget-container\">\n\t\t\t\t\t\t\t\t\t\t\t\t\t\t\t<img fetchpriority=\"high\" decoding=\"async\" width=\"513\" height=\"487\" src=\"https:\/\/wescocenter.org\/wp-content\/uploads\/2025\/07\/ccp16-r.png\" class=\"attachment-large size-large wp-image-2625\" alt=\"\" srcset=\"https:\/\/wescocenter.org\/wp-content\/uploads\/2025\/07\/ccp16-r.png 513w, https:\/\/wescocenter.org\/wp-content\/uploads\/2025\/07\/ccp16-r-300x285.png 300w\" sizes=\"(max-width: 513px) 100vw, 513px\" \/>\t\t\t\t\t\t\t\t\t\t\t\t\t\t\t<\/div>\n\t\t\t\t<\/div>\n\t\t\t\t\t<\/div>\n\t\t<\/div>\n\t\t\t\t\t<\/div>\n\t\t<\/section>\n\t\t<div data-particle_enable=\"false\" data-particle-mobile-disabled=\"false\" class=\"elementor-element elementor-element-475cc980 e-flex e-con-boxed e-con e-parent\" data-id=\"475cc980\" data-element_type=\"container\" data-e-type=\"container\" data-settings=\"{&quot;background_background&quot;:&quot;classic&quot;,&quot;ekit_has_onepagescroll_dot&quot;:&quot;yes&quot;}\">\n\t\t\t\t\t<div class=\"e-con-inner\">\n\t\t\t\t<div class=\"elementor-element elementor-element-ed1a929 elementor-widget elementor-widget-heading\" data-id=\"ed1a929\" data-element_type=\"widget\" data-e-type=\"widget\" data-settings=\"{&quot;ekit_we_effect_on&quot;:&quot;none&quot;}\" data-widget_type=\"heading.default\">\n\t\t\t\t<div class=\"elementor-widget-container\">\n\t\t\t\t\t<h4 class=\"elementor-heading-title elementor-size-default\">QUALIT\u00c9 HYGI\u00c8NE S\u00c9CURIT\u00c9 ENVIRONNEMENT (QHSE) \u2013 Vocational Training Program<\/h4>\t\t\t\t<\/div>\n\t\t\t\t<\/div>\n\t\t\t\t<div class=\"elementor-element elementor-element-aef0d9c elementor-widget elementor-widget-text-editor\" data-id=\"aef0d9c\" data-element_type=\"widget\" data-e-type=\"widget\" data-settings=\"{&quot;ekit_we_effect_on&quot;:&quot;none&quot;}\" data-widget_type=\"text-editor.default\">\n\t\t\t\t<div class=\"elementor-widget-container\">\n\t\t\t\t\t\t\t\t\t<blockquote><h2 style=\"text-align: center;\" data-start=\"351\" data-end=\"428\">Shape a Safe, Sustainable, and Successful Career with CFP-WESCO Cameroon!<\/h2><\/blockquote>\t\t\t\t\t\t\t\t<\/div>\n\t\t\t\t<\/div>\n\t\t\t\t<div class=\"elementor-element elementor-element-374eaaaf premium-header-block elementor-widget__width-initial premium-lq__glass6 premium-box-lq__none elementor-widget elementor-widget-premium-addon-dual-header\" data-id=\"374eaaaf\" data-element_type=\"widget\" data-e-type=\"widget\" data-settings=\"{&quot;ekit_we_effect_on&quot;:&quot;none&quot;}\" data-widget_type=\"premium-addon-dual-header.default\">\n\t\t\t\t\t\n\t\t<div class=\"elementor-widget-container\">\n\t\t\t\t\t<h2 class=\"premium-dual-header-first-header  gradient\"><span class=\"premium-dual-header-first-span\">What is QHSE Training? <\/span><span class=\"premium-dual-header-second-header\">The Qualit\u00e9 Hygi\u00e8ne S\u00e9curit\u00e9 Environnement (QHSE) training is a comprehensive professional program designed to equip learners with the knowledge, practical skills, and certifications required to manage, monitor, and improve quality, hygiene, safety, and environmental standards in the workplace. It\u2019s the foundation for organizations striving for excellence, safety, and sustainability in every sector.<\/span><\/h2> \t\t\t\t<\/div>\n\n\t\t\t\t\t\t<\/div>\n\t\t<div data-particle_enable=\"false\" data-particle-mobile-disabled=\"false\" class=\"elementor-element elementor-element-53a0b352 e-flex e-con-boxed e-con e-child\" data-id=\"53a0b352\" data-element_type=\"container\" data-e-type=\"container\" data-settings=\"{&quot;ekit_has_onepagescroll_dot&quot;:&quot;yes&quot;}\">\n\t\t\t\t\t<div class=\"e-con-inner\">\n\t\t<div data-particle_enable=\"false\" data-particle-mobile-disabled=\"false\" class=\"elementor-element elementor-element-1d828742 e-flex e-con-boxed e-con e-child\" data-id=\"1d828742\" data-element_type=\"container\" data-e-type=\"container\" data-settings=\"{&quot;ekit_has_onepagescroll_dot&quot;:&quot;yes&quot;}\">\n\t\t\t\t\t<div class=\"e-con-inner\">\n\t\t\t\t\t<\/div>\n\t\t\t\t<\/div>\n\t\t<div data-particle_enable=\"false\" data-particle-mobile-disabled=\"false\" class=\"elementor-element elementor-element-6ffd9b7a e-con-full e-flex e-con e-child\" data-id=\"6ffd9b7a\" data-element_type=\"container\" data-e-type=\"container\" data-settings=\"{&quot;ekit_has_onepagescroll_dot&quot;:&quot;yes&quot;}\">\n\t\t\t\t<\/div>\n\t\t<div data-particle_enable=\"false\" data-particle-mobile-disabled=\"false\" class=\"elementor-element elementor-element-aa77bb3 e-con-full e-flex e-con e-child\" data-id=\"aa77bb3\" data-element_type=\"container\" data-e-type=\"container\" data-settings=\"{&quot;ekit_has_onepagescroll_dot&quot;:&quot;yes&quot;}\">\n\t\t\t\t<\/div>\n\t\t\t\t\t<\/div>\n\t\t\t\t<\/div>\n\t\t\t\t\t<\/div>\n\t\t\t\t<\/div>\n\t\t\t\t<\/div>","protected":false},"excerpt":{"rendered":"<p>Qualit\u00e9 Hygi\u00e8ne S\u00e9curit\u00e9 Environnement Unlock Your Gateway to a Thriving Career: Professional Diploma in Qualit\u00e9 Hygi\u00e8ne S\u00e9curit\u00e9 Environnement (QHSE) Register Online QUALIT\u00c9 HYGI\u00c8NE S\u00c9CURIT\u00c9 ENVIRONNEMENT (QHSE) \u2013 Vocational Training Program Shape a Safe, Sustainable, and Successful Career with CFP-WESCO Cameroon! What is QHSE Training? The Qualit\u00e9 Hygi\u00e8ne S\u00e9curit\u00e9 Environnement (QHSE) training is a comprehensive professional [&hellip;]<\/p>\n","protected":false},"author":1,"featured_media":0,"parent":0,"menu_order":0,"comment_status":"closed","ping_status":"closed","template":"","meta":{"site-sidebar-layout":"no-sidebar","site-content-layout":"page-builder","ast-site-content-layout":"full-width-container","site-content-style":"default","site-sidebar-style":"default","ast-global-header-display":"","ast-banner-title-visibility":"","ast-main-header-display":"","ast-hfb-above-header-display":"","ast-hfb-below-header-display":"","ast-hfb-mobile-header-display":"","site-post-title":"disabled","ast-breadcrumbs-content":"","ast-featured-img":"disabled","footer-sml-layout":"","ast-disable-related-posts":"","theme-transparent-header-meta":"","adv-header-id-meta":"","stick-header-meta":"","header-above-stick-meta":"","header-main-stick-meta":"","header-below-stick-meta":"","astra-migrate-meta-layouts":"set","ast-page-background-enabled":"default","ast-page-background-meta":{"desktop":{"background-color":"","background-image":"","background-repeat":"repeat","background-position":"center center","background-size":"auto","background-attachment":"scroll","background-type":"","background-media":"","overlay-type":"","overlay-color":"","overlay-opacity":"","overlay-gradient":""},"tablet":{"background-color":"","background-image":"","background-repeat":"repeat","background-position":"center center","background-size":"auto","background-attachment":"scroll","background-type":"","background-media":"","overlay-type":"","overlay-color":"","overlay-opacity":"","overlay-gradient":""},"mobile":{"background-color":"","background-image":"","background-repeat":"repeat","background-position":"center center","background-size":"auto","background-attachment":"scroll","background-type":"","background-media":"","overlay-type":"","overlay-color":"","overlay-opacity":"","overlay-gradient":""}},"ast-content-background-meta":{"desktop":{"background-color":"var(--ast-global-color-5)","background-image":"","background-repeat":"repeat","background-position":"center center","background-size":"auto","background-attachment":"scroll","background-type":"","background-media":"","overlay-type":"","overlay-color":"","overlay-opacity":"","overlay-gradient":""},"tablet":{"background-color":"var(--ast-global-color-5)","background-image":"","background-repeat":"repeat","background-position":"center center","background-size":"auto","background-attachment":"scroll","background-type":"","background-media":"","overlay-type":"","overlay-color":"","overlay-opacity":"","overlay-gradient":""},"mobile":{"background-color":"var(--ast-global-color-5)","background-image":"","background-repeat":"repeat","background-position":"center center","background-size":"auto","background-attachment":"scroll","background-type":"","background-media":"","overlay-type":"","overlay-color":"","overlay-opacity":"","overlay-gradient":""}},"footnotes":""},"class_list":["post-2622","page","type-page","status-publish","hentry"],"yoast_head":"<!-- This site is optimized with the Yoast SEO Premium plugin v26.6 (Yoast SEO v27.4) - https:\/\/yoast.com\/product\/yoast-seo-premium-wordpress\/ -->\n<title>Qualit\u00e9 Hygi\u00e8ne S\u00e9curit\u00e9 Environnement - CFP WESCO Cameroon<\/title>\n<meta name=\"robots\" content=\"index, follow, max-snippet:-1, max-image-preview:large, max-video-preview:-1\" \/>\n<link rel=\"canonical\" href=\"https:\/\/wescocenter.org\/fr\/qualite-hygiene-securite-environnement\/\" \/>\n<meta property=\"og:locale\" content=\"fr_FR\" \/>\n<meta property=\"og:type\" content=\"article\" \/>\n<meta property=\"og:title\" content=\"Qualit\u00e9 Hygi\u00e8ne S\u00e9curit\u00e9 Environnement\" \/>\n<meta property=\"og:description\" content=\"Qualit\u00e9 Hygi\u00e8ne S\u00e9curit\u00e9 Environnement Unlock Your Gateway to a Thriving Career: Professional Diploma in Qualit\u00e9 Hygi\u00e8ne S\u00e9curit\u00e9 Environnement (QHSE) Register Online QUALIT\u00c9 HYGI\u00c8NE S\u00c9CURIT\u00c9 ENVIRONNEMENT (QHSE) \u2013 Vocational Training Program Shape a Safe, Sustainable, and Successful Career with CFP-WESCO Cameroon! What is QHSE Training? The Qualit\u00e9 Hygi\u00e8ne S\u00e9curit\u00e9 Environnement (QHSE) training is a comprehensive professional [&hellip;]\" \/>\n<meta property=\"og:url\" content=\"https:\/\/wescocenter.org\/fr\/qualite-hygiene-securite-environnement\/\" \/>\n<meta property=\"og:site_name\" content=\"CFP WESCO Cameroon\" \/>\n<meta property=\"article:publisher\" content=\"https:\/\/www.facebook.com\/wescocameroon\" \/>\n<meta property=\"article:modified_time\" content=\"2025-07-12T14:11:30+00:00\" \/>\n<meta property=\"og:image\" content=\"https:\/\/wescocenter.org\/wp-content\/uploads\/2025\/07\/ccp16-r.png\" \/>\n\t<meta property=\"og:image:width\" content=\"513\" \/>\n\t<meta property=\"og:image:height\" content=\"487\" \/>\n\t<meta property=\"og:image:type\" content=\"image\/png\" \/>\n<meta name=\"twitter:card\" content=\"summary_large_image\" \/>\n<meta name=\"twitter:label1\" content=\"Dur\u00e9e de lecture estim\u00e9e\" \/>\n\t<meta name=\"twitter:data1\" content=\"1 minute\" \/>\n<script type=\"application\/ld+json\" class=\"yoast-schema-graph\">{\"@context\":\"https:\\\/\\\/schema.org\",\"@graph\":[{\"@type\":\"WebPage\",\"@id\":\"https:\\\/\\\/wescocenter.org\\\/qualite-hygiene-securite-environnement\\\/\",\"url\":\"https:\\\/\\\/wescocenter.org\\\/qualite-hygiene-securite-environnement\\\/\",\"name\":\"Qualit\u00e9 Hygi\u00e8ne S\u00e9curit\u00e9 Environnement - CFP WESCO Cameroon\",\"isPartOf\":{\"@id\":\"https:\\\/\\\/wescocenter.org\\\/#website\"},\"primaryImageOfPage\":{\"@id\":\"https:\\\/\\\/wescocenter.org\\\/qualite-hygiene-securite-environnement\\\/#primaryimage\"},\"image\":{\"@id\":\"https:\\\/\\\/wescocenter.org\\\/qualite-hygiene-securite-environnement\\\/#primaryimage\"},\"thumbnailUrl\":\"https:\\\/\\\/wescocenter.org\\\/wp-content\\\/uploads\\\/2025\\\/07\\\/ccp16-r.png\",\"datePublished\":\"2025-07-12T12:52:53+00:00\",\"dateModified\":\"2025-07-12T14:11:30+00:00\",\"breadcrumb\":{\"@id\":\"https:\\\/\\\/wescocenter.org\\\/qualite-hygiene-securite-environnement\\\/#breadcrumb\"},\"inLanguage\":\"fr-FR\",\"potentialAction\":[{\"@type\":\"ReadAction\",\"target\":[\"https:\\\/\\\/wescocenter.org\\\/qualite-hygiene-securite-environnement\\\/\"]}]},{\"@type\":\"ImageObject\",\"inLanguage\":\"fr-FR\",\"@id\":\"https:\\\/\\\/wescocenter.org\\\/qualite-hygiene-securite-environnement\\\/#primaryimage\",\"url\":\"https:\\\/\\\/wescocenter.org\\\/wp-content\\\/uploads\\\/2025\\\/07\\\/ccp16-r.png\",\"contentUrl\":\"https:\\\/\\\/wescocenter.org\\\/wp-content\\\/uploads\\\/2025\\\/07\\\/ccp16-r.png\"},{\"@type\":\"BreadcrumbList\",\"@id\":\"https:\\\/\\\/wescocenter.org\\\/qualite-hygiene-securite-environnement\\\/#breadcrumb\",\"itemListElement\":[{\"@type\":\"ListItem\",\"position\":1,\"name\":\"Home\",\"item\":\"https:\\\/\\\/wescocenter.org\\\/\"},{\"@type\":\"ListItem\",\"position\":2,\"name\":\"Qualit\u00e9 Hygi\u00e8ne S\u00e9curit\u00e9 Environnement\"}]},{\"@type\":\"WebSite\",\"@id\":\"https:\\\/\\\/wescocenter.org\\\/#website\",\"url\":\"https:\\\/\\\/wescocenter.org\\\/\",\"name\":\"CFP WESCO Cameroon\",\"description\":\"CFP - Vocational Training\",\"publisher\":{\"@id\":\"https:\\\/\\\/wescocenter.org\\\/#organization\"},\"potentialAction\":[{\"@type\":\"SearchAction\",\"target\":{\"@type\":\"EntryPoint\",\"urlTemplate\":\"https:\\\/\\\/wescocenter.org\\\/?s={search_term_string}\"},\"query-input\":{\"@type\":\"PropertyValueSpecification\",\"valueRequired\":true,\"valueName\":\"search_term_string\"}}],\"inLanguage\":\"fr-FR\"},{\"@type\":\"Organization\",\"@id\":\"https:\\\/\\\/wescocenter.org\\\/#organization\",\"name\":\"CFP WESCO Cameroon\",\"url\":\"https:\\\/\\\/wescocenter.org\\\/\",\"logo\":{\"@type\":\"ImageObject\",\"inLanguage\":\"fr-FR\",\"@id\":\"https:\\\/\\\/wescocenter.org\\\/#\\\/schema\\\/logo\\\/image\\\/\",\"url\":\"https:\\\/\\\/wescocenter.org\\\/wp-content\\\/uploads\\\/2025\\\/03\\\/cropped-logo0.png\",\"contentUrl\":\"https:\\\/\\\/wescocenter.org\\\/wp-content\\\/uploads\\\/2025\\\/03\\\/cropped-logo0.png\",\"width\":696,\"height\":190,\"caption\":\"CFP WESCO Cameroon\"},\"image\":{\"@id\":\"https:\\\/\\\/wescocenter.org\\\/#\\\/schema\\\/logo\\\/image\\\/\"},\"sameAs\":[\"https:\\\/\\\/www.facebook.com\\\/wescocameroon\"]}]}<\/script>\n<!-- \/ Yoast SEO Premium plugin. -->","yoast_head_json":{"title":"Qualit\u00e9 Hygi\u00e8ne S\u00e9curit\u00e9 Environnement - CFP WESCO Cameroon","robots":{"index":"index","follow":"follow","max-snippet":"max-snippet:-1","max-image-preview":"max-image-preview:large","max-video-preview":"max-video-preview:-1"},"canonical":"https:\/\/wescocenter.org\/fr\/qualite-hygiene-securite-environnement\/","og_locale":"fr_FR","og_type":"article","og_title":"Qualit\u00e9 Hygi\u00e8ne S\u00e9curit\u00e9 Environnement","og_description":"Qualit\u00e9 Hygi\u00e8ne S\u00e9curit\u00e9 Environnement Unlock Your Gateway to a Thriving Career: Professional Diploma in Qualit\u00e9 Hygi\u00e8ne S\u00e9curit\u00e9 Environnement (QHSE) Register Online QUALIT\u00c9 HYGI\u00c8NE S\u00c9CURIT\u00c9 ENVIRONNEMENT (QHSE) \u2013 Vocational Training Program Shape a Safe, Sustainable, and Successful Career with CFP-WESCO Cameroon! What is QHSE Training? The Qualit\u00e9 Hygi\u00e8ne S\u00e9curit\u00e9 Environnement (QHSE) training is a comprehensive professional [&hellip;]","og_url":"https:\/\/wescocenter.org\/fr\/qualite-hygiene-securite-environnement\/","og_site_name":"CFP WESCO Cameroon","article_publisher":"https:\/\/www.facebook.com\/wescocameroon","article_modified_time":"2025-07-12T14:11:30+00:00","og_image":[{"width":513,"height":487,"url":"https:\/\/wescocenter.org\/wp-content\/uploads\/2025\/07\/ccp16-r.png","type":"image\/png"}],"twitter_card":"summary_large_image","twitter_misc":{"Dur\u00e9e de lecture estim\u00e9e":"1 minute"},"schema":{"@context":"https:\/\/schema.org","@graph":[{"@type":"WebPage","@id":"https:\/\/wescocenter.org\/qualite-hygiene-securite-environnement\/","url":"https:\/\/wescocenter.org\/qualite-hygiene-securite-environnement\/","name":"Qualit\u00e9 Hygi\u00e8ne S\u00e9curit\u00e9 Environnement - CFP WESCO Cameroon","isPartOf":{"@id":"https:\/\/wescocenter.org\/#website"},"primaryImageOfPage":{"@id":"https:\/\/wescocenter.org\/qualite-hygiene-securite-environnement\/#primaryimage"},"image":{"@id":"https:\/\/wescocenter.org\/qualite-hygiene-securite-environnement\/#primaryimage"},"thumbnailUrl":"https:\/\/wescocenter.org\/wp-content\/uploads\/2025\/07\/ccp16-r.png","datePublished":"2025-07-12T12:52:53+00:00","dateModified":"2025-07-12T14:11:30+00:00","breadcrumb":{"@id":"https:\/\/wescocenter.org\/qualite-hygiene-securite-environnement\/#breadcrumb"},"inLanguage":"fr-FR","potentialAction":[{"@type":"ReadAction","target":["https:\/\/wescocenter.org\/qualite-hygiene-securite-environnement\/"]}]},{"@type":"ImageObject","inLanguage":"fr-FR","@id":"https:\/\/wescocenter.org\/qualite-hygiene-securite-environnement\/#primaryimage","url":"https:\/\/wescocenter.org\/wp-content\/uploads\/2025\/07\/ccp16-r.png","contentUrl":"https:\/\/wescocenter.org\/wp-content\/uploads\/2025\/07\/ccp16-r.png"},{"@type":"BreadcrumbList","@id":"https:\/\/wescocenter.org\/qualite-hygiene-securite-environnement\/#breadcrumb","itemListElement":[{"@type":"ListItem","position":1,"name":"Home","item":"https:\/\/wescocenter.org\/"},{"@type":"ListItem","position":2,"name":"Qualit\u00e9 Hygi\u00e8ne S\u00e9curit\u00e9 Environnement"}]},{"@type":"WebSite","@id":"https:\/\/wescocenter.org\/#website","url":"https:\/\/wescocenter.org\/","name":"CFP WESCO Cameroon","description":"CFP - Vocational Training","publisher":{"@id":"https:\/\/wescocenter.org\/#organization"},"potentialAction":[{"@type":"SearchAction","target":{"@type":"EntryPoint","urlTemplate":"https:\/\/wescocenter.org\/?s={search_term_string}"},"query-input":{"@type":"PropertyValueSpecification","valueRequired":true,"valueName":"search_term_string"}}],"inLanguage":"fr-FR"},{"@type":"Organization","@id":"https:\/\/wescocenter.org\/#organization","name":"CFP WESCO Cameroon","url":"https:\/\/wescocenter.org\/","logo":{"@type":"ImageObject","inLanguage":"fr-FR","@id":"https:\/\/wescocenter.org\/#\/schema\/logo\/image\/","url":"https:\/\/wescocenter.org\/wp-content\/uploads\/2025\/03\/cropped-logo0.png","contentUrl":"https:\/\/wescocenter.org\/wp-content\/uploads\/2025\/03\/cropped-logo0.png","width":696,"height":190,"caption":"CFP WESCO Cameroon"},"image":{"@id":"https:\/\/wescocenter.org\/#\/schema\/logo\/image\/"},"sameAs":["https:\/\/www.facebook.com\/wescocameroon"]}]}},"_links":{"self":[{"href":"https:\/\/wescocenter.org\/fr\/wp-json\/wp\/v2\/pages\/2622","targetHints":{"allow":["GET"]}}],"collection":[{"href":"https:\/\/wescocenter.org\/fr\/wp-json\/wp\/v2\/pages"}],"about":[{"href":"https:\/\/wescocenter.org\/fr\/wp-json\/wp\/v2\/types\/page"}],"author":[{"embeddable":true,"href":"https:\/\/wescocenter.org\/fr\/wp-json\/wp\/v2\/users\/1"}],"replies":[{"embeddable":true,"href":"https:\/\/wescocenter.org\/fr\/wp-json\/wp\/v2\/comments?post=2622"}],"version-history":[{"count":5,"href":"https:\/\/wescocenter.org\/fr\/wp-json\/wp\/v2\/pages\/2622\/revisions"}],"predecessor-version":[{"id":2629,"href":"https:\/\/wescocenter.org\/fr\/wp-json\/wp\/v2\/pages\/2622\/revisions\/2629"}],"wp:attachment":[{"href":"https:\/\/wescocenter.org\/fr\/wp-json\/wp\/v2\/media?parent=2622"}],"curies":[{"name":"wp","href":"https:\/\/api.w.org\/{rel}","templated":true}]}}